{"id":107,"date":"2023-02-03T12:33:26","date_gmt":"2023-02-03T11:33:26","guid":{"rendered":"https:\/\/www.vtl-md.de\/?page_id=107"},"modified":"2024-08-22T13:34:33","modified_gmt":"2024-08-22T11:34:33","slug":"jobs-karriere","status":"publish","type":"page","link":"https:\/\/www.vtl-md.de\/?page_id=107","title":{"rendered":"Job &#038; Karriere"},"content":{"rendered":"<p><strong>Zum n\u00e4chstm\u00f6glichen Zeitpunkt suchen wir f\u00fcr unseren Standort in Irxleben einen:<\/strong><\/p>\n<h1 id=\"viewad-title\" class=\"boxedarticle--title\" data-soldlabel=\"Stelle besetzt\">Elektriker\/Techniker f\u00fcr Lichtsignalanlagen (m\/w\/d)<\/h1>\n<p><strong>F\u00fchrerschein Klasse B ist Bedingung. Die Klassen C \/ C1 w\u00e4ren w\u00fcnschenswert.<\/strong><\/p>\n<p><strong>Sprechen oder schreiben Sie uns an unter:<\/strong><\/p>\n<p><img loading=\"lazy\" decoding=\"async\" class=\"alignleft wp-image-156 size-medium\" src=\"https:\/\/www.vtl-md.de\/wp-content\/uploads\/2023\/02\/traffic-light-149580_1280-179x300.png\" alt=\"\" width=\"179\" height=\"300\" srcset=\"https:\/\/www.vtl-md.de\/wp-content\/uploads\/2023\/02\/traffic-light-149580_1280-179x300.png 179w, https:\/\/www.vtl-md.de\/wp-content\/uploads\/2023\/02\/traffic-light-149580_1280-610x1024.png 610w, https:\/\/www.vtl-md.de\/wp-content\/uploads\/2023\/02\/traffic-light-149580_1280.png 762w\" sizes=\"auto, (max-width: 179px) 100vw, 179px\" \/><\/p>\n<p>&nbsp;<\/p>\n<p>&nbsp;<\/p>\n<p><strong>Verkehrstechnik Laube GmbH &amp; Co. KG<\/strong><br \/>\nHohenwarsleber Chaussee 6<br \/>\n39167 Irxleben<\/p>\n<p>Tel.: \u00a0\u00a0\u00a0\u00a0\u00a0 039204 \/ 9110-0<br \/>\n<u><\/u>E-Mail: bewerbung@vtl-md.de<\/p>\n<p>&nbsp;<\/p>\n<p>&nbsp;<\/p>\n<p>&nbsp;<\/p>\n","protected":false},"excerpt":{"rendered":"<p>Zum n\u00e4chstm\u00f6glichen Zeitpunkt suchen wir f\u00fcr unseren Standort in Irxleben einen: Elektriker\/Techniker f\u00fcr Lichtsignalanlagen (m\/w\/d) F\u00fchrerschein Klasse B ist Bedingung. Die Klassen C \/ C1 w\u00e4ren w\u00fcnschenswert. Sprechen oder schreiben Sie uns an unter: &nbsp; &nbsp; Verkehrstechnik Laube GmbH &amp;<\/p>\n","protected":false},"author":1,"featured_media":165,"parent":0,"menu_order":0,"comment_status":"closed","ping_status":"closed","template":"","meta":{"footnotes":""},"class_list":["post-107","page","type-page","status-publish","has-post-thumbnail","hentry"],"_links":{"self":[{"href":"https:\/\/www.vtl-md.de\/index.php?rest_route=\/wp\/v2\/pages\/107","targetHints":{"allow":["GET"]}}],"collection":[{"href":"https:\/\/www.vtl-md.de\/index.php?rest_route=\/wp\/v2\/pages"}],"about":[{"href":"https:\/\/www.vtl-md.de\/index.php?rest_route=\/wp\/v2\/types\/page"}],"author":[{"embeddable":true,"href":"https:\/\/www.vtl-md.de\/index.php?rest_route=\/wp\/v2\/users\/1"}],"replies":[{"embeddable":true,"href":"https:\/\/www.vtl-md.de\/index.php?rest_route=%2Fwp%2Fv2%2Fcomments&post=107"}],"version-history":[{"count":17,"href":"https:\/\/www.vtl-md.de\/index.php?rest_route=\/wp\/v2\/pages\/107\/revisions"}],"predecessor-version":[{"id":319,"href":"https:\/\/www.vtl-md.de\/index.php?rest_route=\/wp\/v2\/pages\/107\/revisions\/319"}],"wp:featuredmedia":[{"embeddable":true,"href":"https:\/\/www.vtl-md.de\/index.php?rest_route=\/wp\/v2\/media\/165"}],"wp:attachment":[{"href":"https:\/\/www.vtl-md.de\/index.php?rest_route=%2Fwp%2Fv2%2Fmedia&parent=107"}],"curies":[{"name":"wp","href":"https:\/\/api.w.org\/{rel}","templated":true}]}}